{"id":15,"date":"2018-04-30T20:17:40","date_gmt":"2018-04-30T19:17:40","guid":{"rendered":"http:\/\/test.stiftung-gemeinsam.de\/?page_id=15"},"modified":"2025-02-11T16:20:41","modified_gmt":"2025-02-11T15:20:41","slug":"neuigkeiten","status":"publish","type":"page","link":"https:\/\/www.stiftung-gemeinsam.de\/?page_id=15","title":{"rendered":"Neuigkeiten"},"content":{"rendered":"\n<p><strong>Hilfeleistungen 2024:<\/strong><\/p>\n\n\n\n<p>1 x Zuzahlungbefreiung Krankenkasse = 68 \u20ac<br>6 x Einzelfallhilfe als Unterst\u00fctzung zum Leben gegeben = 1.500 \u20ac<br>1 x \u00d6lkauf Anteil \u00fcbernommen = 300 \u20ac<br>2 x Stromnachzahlungen = 730 \u20ac<br>2 x Kauf von Medikamenten = 500 \u20ac<br>2 x Autoreparaturen = 650 \u20ac<br>1 x Kfz Versicherung = 205 \u20ac<br>1 x Betriebskostennachzahlung = 300 \u20ac<br>1 x Leichtgewicht-Rollator = 228 \u20ac<br>1 x Rechtsanwaltkosten = 390 \u20ac<br>1 x Mittagessen Kindergarten f\u00fcr 1 Jahr = 600 \u20ac<br>Viele kleinere Kosten f\u00fcr hilfsbed\u00fcrftige Menschen \u00fcbernommen.<br><br><strong>Hilfeleistungen 2022:<\/strong><\/p>\n\n\n\n<p>1 x Zuzahlungbefreiung Krankenkasse geleistet = 60 \u20ac<br>6 x Einzelfallhilfe als Unterst\u00fctzung zum Leben gegeben = 750 \u20ac<br>1 x Holzkauf \u00fcbernommen = 570 \u20ac<br>1 x ein gebrauchtes Klavier bezahlt = 350 \u20ac<br>1 x Waschmaschine gekauft = 500 \u20ac<\/p>\n\n\n\n<p><strong>Hilfeleistungen 2021:<\/strong><br><br>1 x Stromnachzahlung geleistet = 120 \u20ac<br>1 x Einzelfallhilfe als Unterst\u00fctzung zum Leben gegeben = 50 \u20ac<br>1 x Kfz-Steuer \u00fcbernommen = 108 \u20ac<br>1 x Telefonrechnung bezahlt = 55 \u20ac<\/p>\n\n\n\n<p><strong>Juni 2021<\/strong><br><strong>Die Stiftung GEMEINSAM bedankt sich noch einmal<\/strong><br><strong>ganz herzlich f\u00fcr dieses \u201eGeschenk\u201c<\/strong> <strong>der VR-Bank Landsberg-Ammersee.<\/strong><\/p>\n\n\n<p><img decoding=\"async\" src=\"https:\/\/www.stiftung-gemeinsam.de\/wp-content\/uploads\/2021\/08\/DSC01049-klein-1.jpg\" \/><\/p>\n<p><strong>Hilfeleistungen 2020:<\/strong><\/p>\n<p>1 x Stromnachzahlung geleistet = 19 \u20ac<br \/>5 x Einzelfallhilfe als Unterst\u00fctzung zum Leben gegeben = 512 \u20ac<br \/>1 x Autoreparatur \u00fcbernommen = 110 \u20ac<br \/>1 x Zuzahlung Krankentransport = 121 \u20ac<br \/>1 x Zuschuss f\u00fcr Matrazenkauf und H\u00f6rger\u00e4te = 300 \u20ac<br \/>1 x Reparatur Waschmaschine und K\u00fchlschrank = 269 \u20ac<br \/>1 x Taxifahrt zum Flughafen zur Ausreise = 75 \u20ac<br \/>1 x Kauf Sp\u00fclmaschine = 450 \u20ac<\/p>\n<p><strong>Hilfeleistungen 2019:<\/strong><\/p>\n<p>1 x Stromnachzahlung geleistet = 155 \u20ac<br \/>8 x Einzelfallhilfe als Unterst\u00fctzung zum t\u00e4glichen Leben gegeben = 1.150 \u20ac<br \/>1 x Autoreparatur \u00fcbernommen = 214 \u20ac<br \/>1 x Arztrechnung \u00fcbernommen = 91 \u20ac<br \/>2 x offenstehende Apothekenrechnungen bezahlt = 371 \u20ac<br \/>1 x Hundepension w\u00e4hrend eines Krankenhausaufenthaltes = 100 \u20ac<br \/>1 x Landratsamt zum Abwenden eines Haftbefehles = 98 \u20ac<br \/>1 x Brillenkauf get\u00e4tigt = 180 \u20ac<br \/>1 x Rechtsanwalts- und Inkassogeb\u00fchren beglichen = 445 \u20ac<\/p>","protected":false},"excerpt":{"rendered":"<p>Hilfeleistungen 2024: 1 x Zuzahlungbefreiung Krankenkasse = 68 \u20ac6 x Einzelfallhilfe als Unterst\u00fctzung zum Leben gegeben = 1.500 \u20ac1 x \u00d6lkauf Anteil \u00fcbernommen = 300 \u20ac2 x Stromnachzahlungen = 730 \u20ac2 x Kauf von Medikamenten = 500 \u20ac2 x Autoreparaturen = 650 \u20ac1 x Kfz Versicherung = 205 \u20ac1 x Betriebskostennachzahlung = 300 \u20ac1 x &hellip; <\/p>\n<p class=\"link-more\"><a href=\"https:\/\/www.stiftung-gemeinsam.de\/?page_id=15\" class=\"more-link\"><span class=\"screen-reader-text\">\u201eNeuigkeiten\u201c<\/span> weiterlesen<\/a><\/p>\n","protected":false},"author":1,"featured_media":0,"parent":0,"menu_order":0,"comment_status":"closed","ping_status":"closed","template":"","meta":{"footnotes":""},"class_list":["post-15","page","type-page","status-publish","hentry"],"_links":{"self":[{"href":"https:\/\/www.stiftung-gemeinsam.de\/index.php?rest_route=\/wp\/v2\/pages\/15","targetHints":{"allow":["GET"]}}],"collection":[{"href":"https:\/\/www.stiftung-gemeinsam.de\/index.php?rest_route=\/wp\/v2\/pages"}],"about":[{"href":"https:\/\/www.stiftung-gemeinsam.de\/index.php?rest_route=\/wp\/v2\/types\/page"}],"author":[{"embeddable":true,"href":"https:\/\/www.stiftung-gemeinsam.de\/index.php?rest_route=\/wp\/v2\/users\/1"}],"replies":[{"embeddable":true,"href":"https:\/\/www.stiftung-gemeinsam.de\/index.php?rest_route=%2Fwp%2Fv2%2Fcomments&post=15"}],"version-history":[{"count":14,"href":"https:\/\/www.stiftung-gemeinsam.de\/index.php?rest_route=\/wp\/v2\/pages\/15\/revisions"}],"predecessor-version":[{"id":199,"href":"https:\/\/www.stiftung-gemeinsam.de\/index.php?rest_route=\/wp\/v2\/pages\/15\/revisions\/199"}],"wp:attachment":[{"href":"https:\/\/www.stiftung-gemeinsam.de\/index.php?rest_route=%2Fwp%2Fv2%2Fmedia&parent=15"}],"curies":[{"name":"wp","href":"https:\/\/api.w.org\/{rel}","templated":true}]}}