{"id":8,"date":"2018-04-30T20:17:40","date_gmt":"2018-04-30T19:17:40","guid":{"rendered":"http:\/\/test.stiftung-gemeinsam.de\/?page_id=8"},"modified":"2023-10-24T20:51:18","modified_gmt":"2023-10-24T19:51:18","slug":"willkommen","status":"publish","type":"page","link":"https:\/\/www.stiftung-gemeinsam.de\/","title":{"rendered":"Willkommen"},"content":{"rendered":"<h1>Stiftung Gemeinsam<\/h1>\n<p>Die Stiftung f\u00fchrt den Namen Stiftung Gemeinsam. Sie ist eine rechtsf\u00e4hige Stiftung des b\u00fcrgerlichen Rechts mit Sitz in Schondorf\/Ammersee \/ Landkreis Landsberg am Lech.<\/p>\n<p><strong><span style=\"font-family: Arial, sans-serif;\">Wir helfen nur am Ammersee Westufer und im Hinterland.<\/span><\/strong><\/p>\n<p><b>\u00a7 2 Stiftungszweck<\/b><\/p>\n<p>(1) Zweck der Stiftung ist die F\u00f6rderung der Kinder-, Jugend- und Altenhilfe, der Bildung und Ausbildung und die Unterst\u00fctzung von bed\u00fcrftigen Personen im Sinne des \u00a7 53 Abgabenordnung (AO).<\/p>\n<p>(2) Der Stiftungszweck wird insbesondere durch folgende Ma\u00dfnahmen verwirklicht::<br \/>\n1. Finanzielle Unterst\u00fctzung von Kinder-, Jugend- und Alteneinrichtungen sowie entsprechenden Einrichtungen f\u00fcr Kleinkinder (z.B. Tagesm\u00fcttereinrichtungen, Kinderparks etc.)<br \/>\n2. Betreuung von \u00e4lteren Menschen durch Hilfeleistungen im Alltagslebens, wie Fahrdienst zu \u00c4rzten, Beh\u00f6rden, medizinische Behandlungen und Einkaufsm\u00f6glichkeiten etc.<br \/>\n3. Gew\u00e4hrung von Beihilfen f\u00fcr die Ausbildung von Kindern, Jugendlichen und Studenten<br \/>\n4. Gew\u00e4hrung von Beihilfen und \u00dcberbr\u00fcckungshilfen zum Lebensunterhalt von bed\u00fcrftigen Personen im Sinne des \u00a7 53 AO<br \/>\n5. Unterst\u00fctzung von bed\u00fcrftigen Menschen, die sich in schwieriger wirtschaftlicher und sozialer Situation befinden.<\/p>\n<p>(3) Die Stiftung verfolgt damit ausschlie\u00dflich und unmittelbar gemeinn\u00fctzige und mildt\u00e4tige Zwecke im Sinn des Abschnitts \u201eSteuerbeg\u00fcnstigte Zwecke\u201c der Abgabenordnung.<\/p>\n<p><b>\u00a7 4 Grundstockverm\u00f6gen<\/b><\/p>\n<p>(1) Das der Stiftung zur dauernden und nachhaltigen Erf\u00fcllung ihres Stiftungszwecks zugewendete Verm\u00f6gen (Grundstockverm\u00f6gen) ist in seinem Wert ungeschm\u00e4lert zu erhalten. Es besteht zum Zeitpunkt der Errichtung aus 74.000,&#8211; Euro Barverm\u00f6gen.<\/p>\n<p>(2) Zustiftungen (Zuwendungen zum Grundstockverm\u00f6gen) sind zul\u00e4ssig. Zuwendungen ohne Zweckbestimmung aufgrund einer Verf\u00fcgung von Todes wegen k\u00f6nnen dem Grundstockverm\u00f6gen zugef\u00fchrt werden.<\/p>\n<p><b>\u00a7 15 Stiftungsaufsicht<\/b><\/p>\n<p>(1) Die Stiftung untersteht der Aufsicht der Regierung von Oberbayern.<\/p>\n","protected":false},"excerpt":{"rendered":"<p>Stiftung Gemeinsam Die Stiftung f\u00fchrt den Namen Stiftung Gemeinsam. Sie ist eine rechtsf\u00e4hige Stiftung des b\u00fcrgerlichen Rechts mit Sitz in Schondorf\/Ammersee \/ Landkreis Landsberg am Lech. Wir helfen nur am Ammersee Westufer und im Hinterland. \u00a7 2 Stiftungszweck (1) Zweck der Stiftung ist die F\u00f6rderung der Kinder-, Jugend- und Altenhilfe, der Bildung und Ausbildung und &hellip; <\/p>\n<p class=\"link-more\"><a href=\"https:\/\/www.stiftung-gemeinsam.de\/\" class=\"more-link\"><span class=\"screen-reader-text\">\u201eWillkommen\u201c<\/span> weiterlesen<\/a><\/p>\n","protected":false},"author":1,"featured_media":0,"parent":0,"menu_order":0,"comment_status":"closed","ping_status":"closed","template":"","meta":{"footnotes":""},"class_list":["post-8","page","type-page","status-publish","hentry"],"_links":{"self":[{"href":"https:\/\/www.stiftung-gemeinsam.de\/index.php?rest_route=\/wp\/v2\/pages\/8","targetHints":{"allow":["GET"]}}],"collection":[{"href":"https:\/\/www.stiftung-gemeinsam.de\/index.php?rest_route=\/wp\/v2\/pages"}],"about":[{"href":"https:\/\/www.stiftung-gemeinsam.de\/index.php?rest_route=\/wp\/v2\/types\/page"}],"author":[{"embeddable":true,"href":"https:\/\/www.stiftung-gemeinsam.de\/index.php?rest_route=\/wp\/v2\/users\/1"}],"replies":[{"embeddable":true,"href":"https:\/\/www.stiftung-gemeinsam.de\/index.php?rest_route=%2Fwp%2Fv2%2Fcomments&post=8"}],"version-history":[{"count":5,"href":"https:\/\/www.stiftung-gemeinsam.de\/index.php?rest_route=\/wp\/v2\/pages\/8\/revisions"}],"predecessor-version":[{"id":191,"href":"https:\/\/www.stiftung-gemeinsam.de\/index.php?rest_route=\/wp\/v2\/pages\/8\/revisions\/191"}],"wp:attachment":[{"href":"https:\/\/www.stiftung-gemeinsam.de\/index.php?rest_route=%2Fwp%2Fv2%2Fmedia&parent=8"}],"curies":[{"name":"wp","href":"https:\/\/api.w.org\/{rel}","templated":true}]}}