{"id":9,"date":"2018-04-30T20:17:40","date_gmt":"2018-04-30T19:17:40","guid":{"rendered":"http:\/\/test.stiftung-gemeinsam.de\/?page_id=9"},"modified":"2019-05-02T20:15:01","modified_gmt":"2019-05-02T19:15:01","slug":"aktuelles","status":"publish","type":"page","link":"https:\/\/www.stiftung-gemeinsam.de\/?page_id=9","title":{"rendered":"Aktuelles"},"content":{"rendered":"\n<p>Stromnachzahlung im Januar 2018<\/p>\n\n\n\n<p>Einer Rentnerin wurde die Stromsperrung angedroht. Die Stiftung hat 143,03 \u20ac \u00fcberwiesen und<br>\ndamit das Desaster abgewendet.<\/p>\n\n\n\n<p>Spende im November 2017<\/p>\n\n\n\n<p>Das Reiseb\u00fcro Vivell feierte mit einer Charity Night im Stadttheater Landsberg sein 70-j\u00e4hriges<br>\nFirmenjubil\u00e4um.<\/p>\n\n\n\n<p>Die  H\u00e4lfte  des  \u00dcberschusses,  stolze  2.000,&#8211;  \u20ac  bekam  die  Stiftung  GEMEINSAM.  Allerbesten<br>\nDank der Familie Vivell!<\/p>\n\n\n\n<p>Spende im Oktober 2017<\/p>\n\n\n\n<p>Ein  r\u00fcstiger,  alter  Herr  bat  bei  seinem  runden  Geburtstag  statt  Geschenke  um  Spenden.  Er<br>\n\u00fcberreichte uns den stolzen Betrag von 530,&#8211; \u20ac.<\/p>\n\n\n\n<p>Herzlichen Dank f\u00fcr diese gute, nachahmenswerte Idee.<\/p>\n\n\n\n<p>Autoreparatur im Oktober 2017 <\/p>\n\n\n\n<p>Geholfen  haben  wir  aktuell  zwei  Hartz  IV-Beziehern.  Einer  alleinstehenden  Frau  den  etwas<br>\nkomplizierteren Waschmaschinen-Anschluss in H\u00f6he von 136,24 \u20ac bezahlt.<\/p>\n\n\n\n<p>Einem alleinstehenden Herrn die Autoreparatur von 313,33 \u20ac als Hilfeleistung gew\u00e4hrt.<\/p>\n\n\n\n<p>Helfen auch Sie Menschen, die unverschuldet in Not geraten sind!<\/p>\n\n\n\n<p>Weitere Informationen: 08192 \u2013 222, Peter Raithel, 1. Vorsitzender<\/p>\n\n\n\n<p>Sparkasse Schondorf IBAN: DE88 7005 2060 0000 2032 40<\/p>\n\n\n\n<p>BIC: BYLADEM1LLD<\/p>\n\n\n\n<p>Autoreparatur im September 2017<\/p>\n\n\n\n<p>Er  ist  alleinstehend  und  kann  nur  mit  Hilfe  des  Jobcenters  seinen  Alltag  meistern.  Um  die<br>\nFahrt\u00fcchtigkeit seines Autos zu erhalten, stand eine Reparatur in H\u00f6he von 339,86 \u20ac an.<\/p>\n\n\n\n<p>Die STIFTUNG GEMEINSAM hat die Kosten komplett als Hilfeleistung \u00fcbernommen.<\/p>\n\n\n\n<p>R\u00fcckst\u00e4ndige Rundfunkgeb\u00fchren im Oktober 2014<\/p>\n\n\n\n<p>Krankheitsbedingt  ist  eine  alleinstehende  Frau,  inzwischen  erh\u00e4lt  sie  eine  bescheidene  Rente<br>\nwegen Erwerbsunf\u00e4higkeit, bei den Rundfunkgeb\u00fchren mit rund 400,&#8211; \u20ac in R\u00fcckstand geraten.<br>\nDie  STIFTUNG  Gemeinsam  hat  bei  ARD  ZDF  Deutschlandradio  einen  Vergleich  in  H\u00f6he  von<br>\n200,&#8211; \u20ac erzielt und diese Summe, sowie die laufenden Geb\u00fchren von September bis November<br>\n2014 (53,94 \u20ac) \u00fcberwiesen.<\/p>\n","protected":false},"excerpt":{"rendered":"<p>Stromnachzahlung im Januar 2018 Einer Rentnerin wurde die Stromsperrung angedroht. Die Stiftung hat 143,03 \u20ac \u00fcberwiesen und damit das Desaster abgewendet. Spende im November 2017 Das Reiseb\u00fcro Vivell feierte mit einer Charity Night im Stadttheater Landsberg sein 70-j\u00e4hriges Firmenjubil\u00e4um. Die H\u00e4lfte des \u00dcberschusses, stolze 2.000,&#8211; \u20ac bekam die Stiftung GEMEINSAM. Allerbesten Dank der Familie Vivell! &hellip; <\/p>\n<p class=\"link-more\"><a href=\"https:\/\/www.stiftung-gemeinsam.de\/?page_id=9\" class=\"more-link\"><span class=\"screen-reader-text\">\u201eAktuelles\u201c<\/span> weiterlesen<\/a><\/p>\n","protected":false},"author":1,"featured_media":0,"parent":0,"menu_order":0,"comment_status":"closed","ping_status":"closed","template":"","meta":{"footnotes":""},"class_list":["post-9","page","type-page","status-publish","hentry"],"_links":{"self":[{"href":"https:\/\/www.stiftung-gemeinsam.de\/index.php?rest_route=\/wp\/v2\/pages\/9","targetHints":{"allow":["GET"]}}],"collection":[{"href":"https:\/\/www.stiftung-gemeinsam.de\/index.php?rest_route=\/wp\/v2\/pages"}],"about":[{"href":"https:\/\/www.stiftung-gemeinsam.de\/index.php?rest_route=\/wp\/v2\/types\/page"}],"author":[{"embeddable":true,"href":"https:\/\/www.stiftung-gemeinsam.de\/index.php?rest_route=\/wp\/v2\/users\/1"}],"replies":[{"embeddable":true,"href":"https:\/\/www.stiftung-gemeinsam.de\/index.php?rest_route=%2Fwp%2Fv2%2Fcomments&post=9"}],"version-history":[{"count":2,"href":"https:\/\/www.stiftung-gemeinsam.de\/index.php?rest_route=\/wp\/v2\/pages\/9\/revisions"}],"predecessor-version":[{"id":142,"href":"https:\/\/www.stiftung-gemeinsam.de\/index.php?rest_route=\/wp\/v2\/pages\/9\/revisions\/142"}],"wp:attachment":[{"href":"https:\/\/www.stiftung-gemeinsam.de\/index.php?rest_route=%2Fwp%2Fv2%2Fmedia&parent=9"}],"curies":[{"name":"wp","href":"https:\/\/api.w.org\/{rel}","templated":true}]}}